{"id":3935,"date":"2024-02-29T15:32:15","date_gmt":"2024-02-29T15:32:15","guid":{"rendered":"https:\/\/royalbuild.pt\/partnerships\/"},"modified":"2026-01-14T11:14:39","modified_gmt":"2026-01-14T11:14:39","slug":"partnerships","status":"publish","type":"page","link":"https:\/\/royalbuild.pt\/en\/partnerships\/","title":{"rendered":"Partnerships"},"content":{"rendered":"\t\t<div data-elementor-type=\"wp-page\" data-elementor-id=\"3935\" class=\"elementor elementor-3935 elementor-793\" data-elementor-post-type=\"page\">\n\t\t\t\t<div class=\"elementor-element elementor-element-347a589 e-con-full e-flex e-con e-parent\" data-id=\"347a589\" data-element_type=\"container\" data-e-type=\"container\" data-settings=\"{&quot;background_background&quot;:&quot;classic&quot;}\">\n\t\t<div class=\"elementor-element elementor-element-e5d635b e-con-full e-flex e-con e-child\" data-id=\"e5d635b\" data-element_type=\"container\" data-e-type=\"container\">\n\t\t\t\t<div class=\"elementor-element elementor-element-132a5bb elementor-widget elementor-widget-heading\" data-id=\"132a5bb\" data-element_type=\"widget\" data-e-type=\"widget\" data-widget_type=\"heading.default\">\n\t\t\t\t<div class=\"elementor-widget-container\">\n\t\t\t\t\t<h2 class=\"elementor-heading-title elementor-size-default\">Join Us in Creating Exceptional Projects<\/h2>\t\t\t\t<\/div>\n\t\t\t\t<\/div>\n\t\t\t\t<div class=\"elementor-element elementor-element-22bcd33 elementor-widget elementor-widget-text-editor\" data-id=\"22bcd33\" data-element_type=\"widget\" data-e-type=\"widget\" data-widget_type=\"text-editor.default\">\n\t\t\t\t<div class=\"elementor-widget-container\">\n\t\t\t\t\t\t\t\t\tAt RoyalBuild, we value partnerships that promote innovation and excellence, establishing solid relationships with professionals and companies that share our commitment to creating unique spaces and unforgettable experiences.\t\t\t\t\t\t\t\t<\/div>\n\t\t\t\t<\/div>\n\t\t\t\t<\/div>\n\t\t<div class=\"elementor-element elementor-element-02bb91a e-con-full e-flex e-con e-child\" data-id=\"02bb91a\" data-element_type=\"container\" data-e-type=\"container\">\n\t\t\t\t<div class=\"elementor-element elementor-element-5ed44d2 elementor-widget elementor-widget-opal-contactform7\" data-id=\"5ed44d2\" data-element_type=\"widget\" data-e-type=\"widget\" data-widget_type=\"opal-contactform7.default\">\n\t\t\t\t<div class=\"elementor-widget-container\">\n\t\t\t\t\t\n<div class=\"wpcf7 no-js\" id=\"wpcf7-f3979-o1\" lang=\"en-US\" dir=\"ltr\" data-wpcf7-id=\"3979\">\n<div class=\"screen-reader-response\"><p role=\"status\" aria-live=\"polite\" aria-atomic=\"true\"><\/p> <ul><\/ul><\/div>\n<form action=\"\/en\/wp-json\/wp\/v2\/pages\/3935#wpcf7-f3979-o1\" method=\"post\" class=\"wpcf7-form init\" aria-label=\"Contact form\" enctype=\"multipart\/form-data\" novalidate=\"novalidate\" data-status=\"init\">\n<fieldset class=\"hidden-fields-container\"><input type=\"hidden\" name=\"_wpcf7\" value=\"3979\" \/><input type=\"hidden\" name=\"_wpcf7_version\" value=\"6.1.5\" \/><input type=\"hidden\" name=\"_wpcf7_locale\" value=\"en_US\" \/><input type=\"hidden\" name=\"_wpcf7_unit_tag\" value=\"wpcf7-f3979-o1\" \/><input type=\"hidden\" name=\"_wpcf7_container_post\" value=\"0\" \/><input type=\"hidden\" name=\"_wpcf7_posted_data_hash\" value=\"\" \/>\n<\/fieldset>\n<div>\n\t<div>\n\t\t<p><span class=\"wpcf7-form-control-wrap\" data-name=\"your-name\"><input size=\"40\" maxlength=\"400\" class=\"wpcf7-form-control wpcf7-text wpcf7-validates-as-required\" aria-required=\"true\" aria-invalid=\"false\" placeholder=\"Name\" value=\"\" type=\"text\" name=\"your-name\" \/><\/span>\n\t\t<\/p>\n\t<\/div>\n\t<div class=\"cf7-contactos\">\n\t\t<p><span class=\"wpcf7-form-control-wrap\" data-name=\"your-email\"><input size=\"40\" maxlength=\"400\" class=\"wpcf7-form-control wpcf7-email wpcf7-validates-as-required wpcf7-text wpcf7-validates-as-email\" aria-required=\"true\" aria-invalid=\"false\" placeholder=\"Email\" value=\"\" type=\"email\" name=\"your-email\" \/><\/span>\n\t\t<\/p>\n\t<\/div>\n\t<div>\n\t\t<p><span class=\"wpcf7-form-control-wrap\" data-name=\"your-tel\"><input size=\"40\" maxlength=\"400\" class=\"wpcf7-form-control wpcf7-tel wpcf7-validates-as-required wpcf7-text wpcf7-validates-as-tel\" aria-required=\"true\" aria-invalid=\"false\" placeholder=\"Telephone\" value=\"\" type=\"tel\" name=\"your-tel\" \/><\/span>\n\t\t<\/p>\n\t<\/div>\n\t<div>\n\t\t<p><span class=\"wpcf7-form-control-wrap\" data-name=\"your-company\"><input size=\"40\" maxlength=\"400\" class=\"wpcf7-form-control wpcf7-text wpcf7-validates-as-required\" aria-required=\"true\" aria-invalid=\"false\" placeholder=\"Company\" value=\"\" type=\"text\" name=\"your-company\" \/><\/span>\n\t\t<\/p>\n\t<\/div>\n\t<div>\n\t\t<p><span class=\"wpcf7-form-control-wrap\" data-name=\"your-subject\"><input size=\"40\" maxlength=\"400\" class=\"wpcf7-form-control wpcf7-text\" aria-invalid=\"false\" placeholder=\"Subject\" value=\"\" type=\"text\" name=\"your-subject\" \/><\/span>\n\t\t<\/p>\n\t<\/div>\n\t<div>\n\t\t<p><span class=\"wpcf7-form-control-wrap\" data-name=\"your-message\"><textarea cols=\"40\" rows=\"10\" maxlength=\"2000\" class=\"wpcf7-form-control wpcf7-textarea\" aria-invalid=\"false\" placeholder=\"Message\" name=\"your-message\"><\/textarea><\/span>\n\t\t<\/p>\n\t<\/div>\n\t<div class=\"cf7-contactos-r\">\n\t\t<p id=\"uploadbrowsebutton\" class=\"label-cv-parcerias\" for=\"arquivo\"><img decoding=\"async\" src=\"https:\/\/royalbuild.pt\/wp-content\/uploads\/2024\/02\/rb_recrutamento_cv_icon.svg\" \/> Upload presentation and other information\n\t\t<\/p>\n\t\t<p><span class=\"wpcf7-form-control-wrap\" data-name=\"your-download\"><input size=\"40\" class=\"wpcf7-form-control wpcf7-file\" id=\"fileuploadfield\" accept=\".pdf,.doc,.docx,.ppt,.pptx\" aria-invalid=\"false\" type=\"file\" name=\"your-download\" \/><\/span>\n\t\t<\/p>\n\t<\/div>\n\t<div class=\"btn\">\n\t\t<p><input class=\"wpcf7-form-control wpcf7-submit has-spinner\" type=\"submit\" value=\"Send\" \/>\n\t\t<\/p>\n\t<\/div>\n<\/div><div class=\"wpcf7-response-output\" aria-hidden=\"true\"><\/div>\n<\/form>\n<\/div>\n\t\t\t\t<\/div>\n\t\t\t\t<\/div>\n\t\t\t\t<\/div>\n\t\t\t\t<\/div>\n\t\t<div class=\"elementor-element elementor-element-f41d298 e-con-full elementor-hidden-desktop elementor-hidden-laptop elementor-hidden-tablet_extra elementor-hidden-tablet elementor-hidden-mobile_extra elementor-hidden-mobile e-flex e-con e-parent\" data-id=\"f41d298\" data-element_type=\"container\" data-e-type=\"container\" data-settings=\"{&quot;background_background&quot;:&quot;classic&quot;}\">\n\t\t\t\t<div class=\"elementor-element elementor-element-8186993 elementor-heading__align-center elementor-widget elementor-widget-heading\" data-id=\"8186993\" data-element_type=\"widget\" data-e-type=\"widget\" data-widget_type=\"heading.default\">\n\t\t\t\t<div class=\"elementor-widget-container\">\n\t\t\t\t\t<h2 class=\"elementor-heading-title elementor-size-default\">Our partners<\/h2>\t\t\t\t<\/div>\n\t\t\t\t<\/div>\n\t\t\t\t<\/div>\n\t\t<div class=\"elementor-element elementor-element-3d0fea9 elementor-hidden-desktop elementor-hidden-laptop elementor-hidden-tablet_extra elementor-hidden-tablet elementor-hidden-mobile_extra elementor-hidden-mobile e-flex e-con-boxed e-con e-parent\" data-id=\"3d0fea9\" data-element_type=\"container\" data-e-type=\"container\" data-settings=\"{&quot;background_background&quot;:&quot;classic&quot;}\">\n\t\t\t\t\t<div class=\"e-con-inner\">\n\t\t\t\t<div class=\"elementor-element elementor-element-69bb904 gallery-spacing-custom elementor-widget elementor-widget-image-gallery\" data-id=\"69bb904\" data-element_type=\"widget\" data-e-type=\"widget\" data-widget_type=\"image-gallery.default\">\n\t\t\t\t<div class=\"elementor-widget-container\">\n\t\t\t\t\t\t\t<div class=\"elementor-image-gallery\">\n\t\t\t<div id='gallery-1' class='gallery galleryid-3935 gallery-columns-4 gallery-size-thumbnail'><figure class='gallery-item'>\n\t\t\t<div class='gallery-icon landscape'>\n\t\t\t\t<a data-elementor-open-lightbox=\"yes\" data-elementor-lightbox-slideshow=\"69bb904\" data-elementor-lightbox-title=\"rb_partnerships\" data-e-action-hash=\"#elementor-action%3Aaction%3Dlightbox%26settings%3DeyJpZCI6MzkzNiwidXJsIjoiaHR0cHM6XC9cL3JveWFsYnVpbGQucHRcL3dwLWNvbnRlbnRcL3VwbG9hZHNcLzIwMjRcLzAyXC9yYl9wYXJjZXJpYXNfcGFyY2Vpcm9zLnBuZyIsInNsaWRlc2hvdyI6IjY5YmI5MDQifQ%3D%3D\" href='https:\/\/royalbuild.pt\/wp-content\/uploads\/2024\/02\/rb_parcerias_parceiros.png'><img decoding=\"async\" width=\"106\" height=\"106\" src=\"https:\/\/royalbuild.pt\/wp-content\/uploads\/2024\/02\/rb_parcerias_parceiros.png\" class=\"attachment-thumbnail size-thumbnail\" alt=\"\" srcset=\"https:\/\/royalbuild.pt\/wp-content\/uploads\/2024\/02\/rb_parcerias_parceiros.png 106w, https:\/\/royalbuild.pt\/wp-content\/uploads\/2024\/02\/rb_parcerias_parceiros-100x100.png 100w\" sizes=\"(max-width: 106px) 100vw, 106px\" \/><\/a>\n\t\t\t<\/div><\/figure><figure class='gallery-item'>\n\t\t\t<div class='gallery-icon landscape'>\n\t\t\t\t<a data-elementor-open-lightbox=\"yes\" data-elementor-lightbox-slideshow=\"69bb904\" data-elementor-lightbox-title=\"rb_partners_partners2\" data-e-action-hash=\"#elementor-action%3Aaction%3Dlightbox%26settings%3DeyJpZCI6MzkzOCwidXJsIjoiaHR0cHM6XC9cL3JveWFsYnVpbGQucHRcL3dwLWNvbnRlbnRcL3VwbG9hZHNcLzIwMjRcLzAyXC9yYl9wYXJjZXJpYXNfcGFyY2Vpcm9zMi5wbmciLCJzbGlkZXNob3ciOiI2OWJiOTA0In0%3D\" href='https:\/\/royalbuild.pt\/wp-content\/uploads\/2024\/02\/rb_parcerias_parceiros2.png'><img decoding=\"async\" width=\"106\" height=\"106\" src=\"https:\/\/royalbuild.pt\/wp-content\/uploads\/2024\/02\/rb_parcerias_parceiros2.png\" class=\"attachment-thumbnail size-thumbnail\" alt=\"\" srcset=\"https:\/\/royalbuild.pt\/wp-content\/uploads\/2024\/02\/rb_parcerias_parceiros2.png 106w, https:\/\/royalbuild.pt\/wp-content\/uploads\/2024\/02\/rb_parcerias_parceiros2-100x100.png 100w\" sizes=\"(max-width: 106px) 100vw, 106px\" \/><\/a>\n\t\t\t<\/div><\/figure><figure class='gallery-item'>\n\t\t\t<div class='gallery-icon landscape'>\n\t\t\t\t<a data-elementor-open-lightbox=\"yes\" data-elementor-lightbox-slideshow=\"69bb904\" data-elementor-lightbox-title=\"rb_partners_partners3\" data-e-action-hash=\"#elementor-action%3Aaction%3Dlightbox%26settings%3DeyJpZCI6MzkzOSwidXJsIjoiaHR0cHM6XC9cL3JveWFsYnVpbGQucHRcL3dwLWNvbnRlbnRcL3VwbG9hZHNcLzIwMjRcLzAyXC9yYl9wYXJjZXJpYXNfcGFyY2Vpcm9zMy5wbmciLCJzbGlkZXNob3ciOiI2OWJiOTA0In0%3D\" href='https:\/\/royalbuild.pt\/wp-content\/uploads\/2024\/02\/rb_parcerias_parceiros3.png'><img decoding=\"async\" width=\"106\" height=\"106\" src=\"https:\/\/royalbuild.pt\/wp-content\/uploads\/2024\/02\/rb_parcerias_parceiros3.png\" class=\"attachment-thumbnail size-thumbnail\" alt=\"\" srcset=\"https:\/\/royalbuild.pt\/wp-content\/uploads\/2024\/02\/rb_parcerias_parceiros3.png 106w, https:\/\/royalbuild.pt\/wp-content\/uploads\/2024\/02\/rb_parcerias_parceiros3-100x100.png 100w\" sizes=\"(max-width: 106px) 100vw, 106px\" \/><\/a>\n\t\t\t<\/div><\/figure><figure class='gallery-item'>\n\t\t\t<div class='gallery-icon landscape'>\n\t\t\t\t<a data-elementor-open-lightbox=\"yes\" data-elementor-lightbox-slideshow=\"69bb904\" data-elementor-lightbox-title=\"rb_partners_partners4\" data-e-action-hash=\"#elementor-action%3Aaction%3Dlightbox%26settings%3DeyJpZCI6Mzk0MCwidXJsIjoiaHR0cHM6XC9cL3JveWFsYnVpbGQucHRcL3dwLWNvbnRlbnRcL3VwbG9hZHNcLzIwMjRcLzAyXC9yYl9wYXJjZXJpYXNfcGFyY2Vpcm9zNC5wbmciLCJzbGlkZXNob3ciOiI2OWJiOTA0In0%3D\" href='https:\/\/royalbuild.pt\/wp-content\/uploads\/2024\/02\/rb_parcerias_parceiros4.png'><img loading=\"lazy\" decoding=\"async\" width=\"106\" height=\"106\" src=\"https:\/\/royalbuild.pt\/wp-content\/uploads\/2024\/02\/rb_parcerias_parceiros4.png\" class=\"attachment-thumbnail size-thumbnail\" alt=\"\" srcset=\"https:\/\/royalbuild.pt\/wp-content\/uploads\/2024\/02\/rb_parcerias_parceiros4.png 106w, https:\/\/royalbuild.pt\/wp-content\/uploads\/2024\/02\/rb_parcerias_parceiros4-100x100.png 100w\" sizes=\"(max-width: 106px) 100vw, 106px\" \/><\/a>\n\t\t\t<\/div><\/figure>\n\t\t<\/div>\n\t\t<\/div>\n\t\t\t\t\t\t<\/div>\n\t\t\t\t<\/div>\n\t\t\t\t<div class=\"elementor-element elementor-element-21316cc elementor-align-center elementor-button-primary elementor-widget elementor-widget-button\" data-id=\"21316cc\" data-element_type=\"widget\" data-e-type=\"widget\" data-widget_type=\"button.default\">\n\t\t\t\t<div class=\"elementor-widget-container\">\n\t\t\t\t\t        <div class=\"elementor-button-wrapper\">\n            <a href=\"#\" class=\"elementor-button-link elementor-button elementor-size-lg\" role=\"button\">\n                \t\t<span class=\"elementor-button-content-wrapper\">\n\t\t\t\t\t\t\t\t\t<span class=\"elementor-button-text\">Learn more about construction solutions<\/span>\n\t\t\t\t\t<\/span>\n\t\t            <\/a>\n        <\/div>\n        \t\t\t\t<\/div>\n\t\t\t\t<\/div>\n\t\t\t\t\t<\/div>\n\t\t\t\t<\/div>\n\t\t\t\t<\/div>\n\t\t","protected":false},"excerpt":{"rendered":"<p>Join Us in Creating Exceptional Projects At RoyalBuild, we value partnerships that promote innovation and excellence, establishing solid relationships with professionals and companies that share our commitment to creating unique spaces and unforgettable experiences. Carregar apresenta\u00e7\u00e3o e outras informa\u00e7\u00f5es Our partners Learn more about construction solutions<\/p>\n","protected":false},"author":1,"featured_media":0,"parent":0,"menu_order":0,"comment_status":"closed","ping_status":"closed","template":"elementor_header_footer","meta":{"inline_featured_image":false,"footnotes":""},"class_list":["post-3935","page","type-page","status-publish","hentry"],"yoast_head":"<!-- This site is optimized with the Yoast SEO plugin v27.5 - https:\/\/yoast.com\/product\/yoast-seo-wordpress\/ -->\n<title>Partnerships - RoyalBuild<\/title>\n<meta name=\"robots\" content=\"index, follow, max-snippet:-1, max-image-preview:large, max-video-preview:-1\" \/>\n<link rel=\"canonical\" href=\"https:\/\/royalbuild.pt\/en\/partnerships\/\" \/>\n<meta property=\"og:locale\" content=\"en_US\" \/>\n<meta property=\"og:type\" content=\"article\" \/>\n<meta property=\"og:title\" content=\"Partnerships - RoyalBuild\" \/>\n<meta property=\"og:description\" content=\"Join Us in Creating Exceptional Projects At RoyalBuild, we value partnerships that promote innovation and excellence, establishing solid relationships with professionals and companies that share our commitment to creating unique spaces and unforgettable experiences. Carregar apresenta\u00e7\u00e3o e outras informa\u00e7\u00f5es Our partners Learn more about construction solutions\" \/>\n<meta property=\"og:url\" content=\"https:\/\/royalbuild.pt\/en\/partnerships\/\" \/>\n<meta property=\"og:site_name\" content=\"RoyalBuild\" \/>\n<meta property=\"article:modified_time\" content=\"2026-01-14T11:14:39+00:00\" \/>\n<meta property=\"og:image\" content=\"https:\/\/royalbuild.pt\/wp-content\/uploads\/2024\/02\/rb_recrutamento_cv_icon.svg\" \/>\n<meta name=\"twitter:card\" content=\"summary_large_image\" \/>\n<script type=\"application\/ld+json\" class=\"yoast-schema-graph\">{\"@context\":\"https:\\\/\\\/schema.org\",\"@graph\":[{\"@type\":\"WebPage\",\"@id\":\"https:\\\/\\\/royalbuild.pt\\\/en\\\/partnerships\\\/\",\"url\":\"https:\\\/\\\/royalbuild.pt\\\/en\\\/partnerships\\\/\",\"name\":\"Partnerships - RoyalBuild\",\"isPartOf\":{\"@id\":\"https:\\\/\\\/royalbuild.pt\\\/en\\\/#website\"},\"primaryImageOfPage\":{\"@id\":\"https:\\\/\\\/royalbuild.pt\\\/en\\\/partnerships\\\/#primaryimage\"},\"image\":{\"@id\":\"https:\\\/\\\/royalbuild.pt\\\/en\\\/partnerships\\\/#primaryimage\"},\"thumbnailUrl\":\"https:\\\/\\\/royalbuild.pt\\\/wp-content\\\/uploads\\\/2024\\\/02\\\/rb_recrutamento_cv_icon.svg\",\"datePublished\":\"2024-02-29T15:32:15+00:00\",\"dateModified\":\"2026-01-14T11:14:39+00:00\",\"breadcrumb\":{\"@id\":\"https:\\\/\\\/royalbuild.pt\\\/en\\\/partnerships\\\/#breadcrumb\"},\"inLanguage\":\"en-US\",\"potentialAction\":[{\"@type\":\"ReadAction\",\"target\":[\"https:\\\/\\\/royalbuild.pt\\\/en\\\/partnerships\\\/\"]}]},{\"@type\":\"ImageObject\",\"inLanguage\":\"en-US\",\"@id\":\"https:\\\/\\\/royalbuild.pt\\\/en\\\/partnerships\\\/#primaryimage\",\"url\":\"https:\\\/\\\/royalbuild.pt\\\/wp-content\\\/uploads\\\/2024\\\/02\\\/rb_recrutamento_cv_icon.svg\",\"contentUrl\":\"https:\\\/\\\/royalbuild.pt\\\/wp-content\\\/uploads\\\/2024\\\/02\\\/rb_recrutamento_cv_icon.svg\"},{\"@type\":\"BreadcrumbList\",\"@id\":\"https:\\\/\\\/royalbuild.pt\\\/en\\\/partnerships\\\/#breadcrumb\",\"itemListElement\":[{\"@type\":\"ListItem\",\"position\":1,\"name\":\"In\u00edcio\",\"item\":\"https:\\\/\\\/royalbuild.pt\\\/en\\\/\"},{\"@type\":\"ListItem\",\"position\":2,\"name\":\"Partnerships\"}]},{\"@type\":\"WebSite\",\"@id\":\"https:\\\/\\\/royalbuild.pt\\\/en\\\/#website\",\"url\":\"https:\\\/\\\/royalbuild.pt\\\/en\\\/\",\"name\":\"RoyalBuild\",\"description\":\"\",\"potentialAction\":[{\"@type\":\"SearchAction\",\"target\":{\"@type\":\"EntryPoint\",\"urlTemplate\":\"https:\\\/\\\/royalbuild.pt\\\/en\\\/?s={search_term_string}\"},\"query-input\":{\"@type\":\"PropertyValueSpecification\",\"valueRequired\":true,\"valueName\":\"search_term_string\"}}],\"inLanguage\":\"en-US\"}]}<\/script>\n<!-- \/ Yoast SEO plugin. -->","yoast_head_json":{"title":"Partnerships - RoyalBuild","robots":{"index":"index","follow":"follow","max-snippet":"max-snippet:-1","max-image-preview":"max-image-preview:large","max-video-preview":"max-video-preview:-1"},"canonical":"https:\/\/royalbuild.pt\/en\/partnerships\/","og_locale":"en_US","og_type":"article","og_title":"Partnerships - RoyalBuild","og_description":"Join Us in Creating Exceptional Projects At RoyalBuild, we value partnerships that promote innovation and excellence, establishing solid relationships with professionals and companies that share our commitment to creating unique spaces and unforgettable experiences. Carregar apresenta\u00e7\u00e3o e outras informa\u00e7\u00f5es Our partners Learn more about construction solutions","og_url":"https:\/\/royalbuild.pt\/en\/partnerships\/","og_site_name":"RoyalBuild","article_modified_time":"2026-01-14T11:14:39+00:00","og_image":[{"url":"https:\/\/royalbuild.pt\/wp-content\/uploads\/2024\/02\/rb_recrutamento_cv_icon.svg","type":"","width":"","height":""}],"twitter_card":"summary_large_image","schema":{"@context":"https:\/\/schema.org","@graph":[{"@type":"WebPage","@id":"https:\/\/royalbuild.pt\/en\/partnerships\/","url":"https:\/\/royalbuild.pt\/en\/partnerships\/","name":"Partnerships - RoyalBuild","isPartOf":{"@id":"https:\/\/royalbuild.pt\/en\/#website"},"primaryImageOfPage":{"@id":"https:\/\/royalbuild.pt\/en\/partnerships\/#primaryimage"},"image":{"@id":"https:\/\/royalbuild.pt\/en\/partnerships\/#primaryimage"},"thumbnailUrl":"https:\/\/royalbuild.pt\/wp-content\/uploads\/2024\/02\/rb_recrutamento_cv_icon.svg","datePublished":"2024-02-29T15:32:15+00:00","dateModified":"2026-01-14T11:14:39+00:00","breadcrumb":{"@id":"https:\/\/royalbuild.pt\/en\/partnerships\/#breadcrumb"},"inLanguage":"en-US","potentialAction":[{"@type":"ReadAction","target":["https:\/\/royalbuild.pt\/en\/partnerships\/"]}]},{"@type":"ImageObject","inLanguage":"en-US","@id":"https:\/\/royalbuild.pt\/en\/partnerships\/#primaryimage","url":"https:\/\/royalbuild.pt\/wp-content\/uploads\/2024\/02\/rb_recrutamento_cv_icon.svg","contentUrl":"https:\/\/royalbuild.pt\/wp-content\/uploads\/2024\/02\/rb_recrutamento_cv_icon.svg"},{"@type":"BreadcrumbList","@id":"https:\/\/royalbuild.pt\/en\/partnerships\/#breadcrumb","itemListElement":[{"@type":"ListItem","position":1,"name":"In\u00edcio","item":"https:\/\/royalbuild.pt\/en\/"},{"@type":"ListItem","position":2,"name":"Partnerships"}]},{"@type":"WebSite","@id":"https:\/\/royalbuild.pt\/en\/#website","url":"https:\/\/royalbuild.pt\/en\/","name":"RoyalBuild","description":"","potentialAction":[{"@type":"SearchAction","target":{"@type":"EntryPoint","urlTemplate":"https:\/\/royalbuild.pt\/en\/?s={search_term_string}"},"query-input":{"@type":"PropertyValueSpecification","valueRequired":true,"valueName":"search_term_string"}}],"inLanguage":"en-US"}]}},"_links":{"self":[{"href":"https:\/\/royalbuild.pt\/en\/wp-json\/wp\/v2\/pages\/3935","targetHints":{"allow":["GET"]}}],"collection":[{"href":"https:\/\/royalbuild.pt\/en\/wp-json\/wp\/v2\/pages"}],"about":[{"href":"https:\/\/royalbuild.pt\/en\/wp-json\/wp\/v2\/types\/page"}],"author":[{"embeddable":true,"href":"https:\/\/royalbuild.pt\/en\/wp-json\/wp\/v2\/users\/1"}],"replies":[{"embeddable":true,"href":"https:\/\/royalbuild.pt\/en\/wp-json\/wp\/v2\/comments?post=3935"}],"version-history":[{"count":1,"href":"https:\/\/royalbuild.pt\/en\/wp-json\/wp\/v2\/pages\/3935\/revisions"}],"predecessor-version":[{"id":3941,"href":"https:\/\/royalbuild.pt\/en\/wp-json\/wp\/v2\/pages\/3935\/revisions\/3941"}],"wp:attachment":[{"href":"https:\/\/royalbuild.pt\/en\/wp-json\/wp\/v2\/media?parent=3935"}],"curies":[{"name":"wp","href":"https:\/\/api.w.org\/{rel}","templated":true}]}}